{"id":169,"date":"2018-03-14T08:49:00","date_gmt":"2018-03-14T08:49:00","guid":{"rendered":"http:\/\/incoingenieros.com\/quienes-somos\/"},"modified":"2018-04-11T08:25:14","modified_gmt":"2018-04-11T08:25:14","slug":"quienes-somos","status":"publish","type":"page","link":"https:\/\/incoingenieros.com\/fr\/quienes-somos\/","title":{"rendered":"Qui\u00e9nes somos"},"content":{"rendered":"<p>Inco Ingenieros S.L.U. est une soci\u00e9t\u00e9 incorpor\u00e9e en 1980, qui a commenc\u00e9 son voyage en assistant aux nouvelles installations de l&rsquo;\u00e9tat-major de l&rsquo;arm\u00e9e en collaboration avec la multinationale Siemens. Tr\u00e8s t\u00f4t, il a commenc\u00e9 dans le domaine de la radiot\u00e9l\u00e9phonie commerciale, PMR \u00e0 la fois au niveau des projets et dans les installations et la maintenance.<br \/>\nCommercialement, il a v\u00e9rifi\u00e9 les ventes cumul\u00e9es avec la maintenance de plus de 6.000 terminaux d&rsquo;\u00e9quipements radio \u00e0 bande \u00e9troite, distribu\u00e9s dans toutes les \u00eeles de l&rsquo;archipel.<br \/>\nDepuis 1980, nous avons effectu\u00e9 des travaux dans divers secteurs dans le domaine des t\u00e9l\u00e9communications: t\u00e9l\u00e9phonie mobile, analogique et radio num\u00e9rique, r\u00e9p\u00e9teurs, t\u00e9l\u00e9vision analogique et num\u00e9rique (TNT), la radio AM et FM, l&rsquo;installation de stations de base, les r\u00e9seaux de transport PMR , diffusion, etc.<br \/>\n\u00c0 partir de 2010, il devient une partie du groupe Athenas, bas\u00e9 dans la capitale de l&rsquo;Espagne, Madrid.<\/p>\n","protected":false},"excerpt":{"rendered":"<p>Inco Ingenieros S.L.U. est une soci\u00e9t\u00e9 incorpor\u00e9e en 1980, qui a commenc\u00e9 son voyage en assistant aux nouvelles installations de l&rsquo;\u00e9tat-major de l&rsquo;arm\u00e9e en collaboration avec la multinationale Siemens. Tr\u00e8s t\u00f4t, il a commenc\u00e9 dans le domaine de la radiot\u00e9l\u00e9phonie commerciale, PMR \u00e0 la fois au niveau des projets et dans les installations et la [&hellip;]<\/p>\n","protected":false},"author":1,"featured_media":0,"parent":0,"menu_order":0,"comment_status":"closed","ping_status":"closed","template":"page_qsomos.php","meta":[],"featured_image_src":null,"featured_image_src_square":null,"_links":{"self":[{"href":"https:\/\/incoingenieros.com\/fr\/wp-json\/wp\/v2\/pages\/169"}],"collection":[{"href":"https:\/\/incoingenieros.com\/fr\/wp-json\/wp\/v2\/pages"}],"about":[{"href":"https:\/\/incoingenieros.com\/fr\/wp-json\/wp\/v2\/types\/page"}],"author":[{"embeddable":true,"href":"https:\/\/incoingenieros.com\/fr\/wp-json\/wp\/v2\/users\/1"}],"replies":[{"embeddable":true,"href":"https:\/\/incoingenieros.com\/fr\/wp-json\/wp\/v2\/comments?post=169"}],"version-history":[{"count":2,"href":"https:\/\/incoingenieros.com\/fr\/wp-json\/wp\/v2\/pages\/169\/revisions"}],"predecessor-version":[{"id":310,"href":"https:\/\/incoingenieros.com\/fr\/wp-json\/wp\/v2\/pages\/169\/revisions\/310"}],"wp:attachment":[{"href":"https:\/\/incoingenieros.com\/fr\/wp-json\/wp\/v2\/media?parent=169"}],"curies":[{"name":"wp","href":"https:\/\/api.w.org\/{rel}","templated":true}]}}