{"id":312,"date":"2018-03-13T11:23:17","date_gmt":"2018-03-13T11:23:17","guid":{"rendered":"http:\/\/incoingenieros.com\/inco-ingenieros\/"},"modified":"2018-04-11T08:33:26","modified_gmt":"2018-04-11T08:33:26","slug":"inco-ingenieros","status":"publish","type":"page","link":"https:\/\/incoingenieros.com\/fr\/","title":{"rendered":"Inco Ingenieros"},"content":{"rendered":"<p>Inco Ingenieros S.L.U. est une soci\u00e9t\u00e9 incorpor\u00e9e en 1980, qui a commenc\u00e9 son<br \/>\nvoyage en assistant aux nouvelles installations de l&rsquo;\u00e9tat-major de l&rsquo;arm\u00e9e en<br \/>\ncollaboration avec la multinationale Siemens. <\/p>\n","protected":false},"excerpt":{"rendered":"<p>Inco Ingenieros S.L.U. est une soci\u00e9t\u00e9 incorpor\u00e9e en 1980, qui a commenc\u00e9 son voyage en assistant aux nouvelles installations de l&rsquo;\u00e9tat-major de l&rsquo;arm\u00e9e en collaboration avec la multinationale Siemens.<\/p>\n","protected":false},"author":1,"featured_media":0,"parent":0,"menu_order":0,"comment_status":"closed","ping_status":"closed","template":"page_home.php","meta":[],"featured_image_src":null,"featured_image_src_square":null,"_links":{"self":[{"href":"https:\/\/incoingenieros.com\/fr\/wp-json\/wp\/v2\/pages\/312"}],"collection":[{"href":"https:\/\/incoingenieros.com\/fr\/wp-json\/wp\/v2\/pages"}],"about":[{"href":"https:\/\/incoingenieros.com\/fr\/wp-json\/wp\/v2\/types\/page"}],"author":[{"embeddable":true,"href":"https:\/\/incoingenieros.com\/fr\/wp-json\/wp\/v2\/users\/1"}],"replies":[{"embeddable":true,"href":"https:\/\/incoingenieros.com\/fr\/wp-json\/wp\/v2\/comments?post=312"}],"version-history":[{"count":2,"href":"https:\/\/incoingenieros.com\/fr\/wp-json\/wp\/v2\/pages\/312\/revisions"}],"predecessor-version":[{"id":315,"href":"https:\/\/incoingenieros.com\/fr\/wp-json\/wp\/v2\/pages\/312\/revisions\/315"}],"wp:attachment":[{"href":"https:\/\/incoingenieros.com\/fr\/wp-json\/wp\/v2\/media?parent=312"}],"curies":[{"name":"wp","href":"https:\/\/api.w.org\/{rel}","templated":true}]}}