{"id":170,"date":"2018-03-14T08:49:00","date_gmt":"2018-03-14T08:49:00","guid":{"rendered":"http:\/\/incoingenieros.com\/quienes-somos\/"},"modified":"2018-04-11T08:24:45","modified_gmt":"2018-04-11T08:24:45","slug":"quienes-somos","status":"publish","type":"page","link":"https:\/\/incoingenieros.com\/pt-pt\/quienes-somos\/","title":{"rendered":"Qui\u00e9nes somos"},"content":{"rendered":"<p>Inco Ingenieros S.L.U. \u00e9 uma empresa incorporada em 1980, que iniciou sua jornada, atendendo as novas instala\u00e7\u00f5es da equipe do Ex\u00e9rcito em conjunto com a Siemens Multinational. Em breve, ele come\u00e7ou no campo da radiotelefonia comercial, PMR tanto no n\u00edvel do projeto como nas instala\u00e7\u00f5es e manuten\u00e7\u00e3o.<br \/>\nComercialmente, verificou vendas acumuladas com manuten\u00e7\u00e3o de mais de 6.000 terminais de equipamentos de r\u00e1dio de faixa estreita, distribu\u00eddos em todas as ilhas do arquip\u00e9lago.<br \/>\nDesde 1980, realizamos trabalhos em v\u00e1rios setores no campo das telecomunica\u00e7\u00f5es: telefonia m\u00f3vel, links de r\u00e1dio anal\u00f3gicos e digitais, repetidores, televis\u00e3o anal\u00f3gica e digital (TDT), r\u00e1dio AM e FM, instala\u00e7\u00e3o de esta\u00e7\u00f5es de base, redes de transporte PMR , transmiss\u00e3o, etc.<br \/>\nA partir de 2010, faz parte do grupo Athenas, com sede na capital da Espanha, Madrid.<\/p>\n","protected":false},"excerpt":{"rendered":"<p>Inco Ingenieros S.L.U. \u00e9 uma empresa incorporada em 1980, que iniciou sua jornada, atendendo as novas instala\u00e7\u00f5es da equipe do Ex\u00e9rcito em conjunto com a Siemens Multinational. Em breve, ele come\u00e7ou no campo da radiotelefonia comercial, PMR tanto no n\u00edvel do projeto como nas instala\u00e7\u00f5es e manuten\u00e7\u00e3o. Comercialmente, verificou vendas acumuladas com manuten\u00e7\u00e3o de mais [&hellip;]<\/p>\n","protected":false},"author":1,"featured_media":0,"parent":0,"menu_order":0,"comment_status":"closed","ping_status":"closed","template":"page_qsomos.php","meta":[],"featured_image_src":null,"featured_image_src_square":null,"_links":{"self":[{"href":"https:\/\/incoingenieros.com\/pt-pt\/wp-json\/wp\/v2\/pages\/170"}],"collection":[{"href":"https:\/\/incoingenieros.com\/pt-pt\/wp-json\/wp\/v2\/pages"}],"about":[{"href":"https:\/\/incoingenieros.com\/pt-pt\/wp-json\/wp\/v2\/types\/page"}],"author":[{"embeddable":true,"href":"https:\/\/incoingenieros.com\/pt-pt\/wp-json\/wp\/v2\/users\/1"}],"replies":[{"embeddable":true,"href":"https:\/\/incoingenieros.com\/pt-pt\/wp-json\/wp\/v2\/comments?post=170"}],"version-history":[{"count":2,"href":"https:\/\/incoingenieros.com\/pt-pt\/wp-json\/wp\/v2\/pages\/170\/revisions"}],"predecessor-version":[{"id":309,"href":"https:\/\/incoingenieros.com\/pt-pt\/wp-json\/wp\/v2\/pages\/170\/revisions\/309"}],"wp:attachment":[{"href":"https:\/\/incoingenieros.com\/pt-pt\/wp-json\/wp\/v2\/media?parent=170"}],"curies":[{"name":"wp","href":"https:\/\/api.w.org\/{rel}","templated":true}]}}