{"id":287,"date":"2018-03-19T09:49:03","date_gmt":"2018-03-19T09:49:03","guid":{"rendered":"http:\/\/incoingenieros.com\/proyectos-destacados\/"},"modified":"2018-04-11T07:57:24","modified_gmt":"2018-04-11T07:57:24","slug":"proyectos-destacados","status":"publish","type":"page","link":"https:\/\/incoingenieros.com\/pt-pt\/proyectos-destacados\/","title":{"rendered":"Proyectos destacados"},"content":{"rendered":"<p>Lista de projetos categorizados, ficha t\u00e9cnica de cada um deles e link para solicitar or\u00e7amento para instala\u00e7\u00e3o semelhante<\/p>\n","protected":false},"excerpt":{"rendered":"<p>Lista de projetos categorizados, ficha t\u00e9cnica de cada um deles e link para solicitar or\u00e7amento para instala\u00e7\u00e3o semelhante<\/p>\n","protected":false},"author":1,"featured_media":0,"parent":0,"menu_order":0,"comment_status":"closed","ping_status":"closed","template":"page_proyectos_destacados.php","meta":[],"featured_image_src":null,"featured_image_src_square":null,"_links":{"self":[{"href":"https:\/\/incoingenieros.com\/pt-pt\/wp-json\/wp\/v2\/pages\/287"}],"collection":[{"href":"https:\/\/incoingenieros.com\/pt-pt\/wp-json\/wp\/v2\/pages"}],"about":[{"href":"https:\/\/incoingenieros.com\/pt-pt\/wp-json\/wp\/v2\/types\/page"}],"author":[{"embeddable":true,"href":"https:\/\/incoingenieros.com\/pt-pt\/wp-json\/wp\/v2\/users\/1"}],"replies":[{"embeddable":true,"href":"https:\/\/incoingenieros.com\/pt-pt\/wp-json\/wp\/v2\/comments?post=287"}],"version-history":[{"count":1,"href":"https:\/\/incoingenieros.com\/pt-pt\/wp-json\/wp\/v2\/pages\/287\/revisions"}],"predecessor-version":[{"id":290,"href":"https:\/\/incoingenieros.com\/pt-pt\/wp-json\/wp\/v2\/pages\/287\/revisions\/290"}],"wp:attachment":[{"href":"https:\/\/incoingenieros.com\/pt-pt\/wp-json\/wp\/v2\/media?parent=287"}],"curies":[{"name":"wp","href":"https:\/\/api.w.org\/{rel}","templated":true}]}}