{"id":313,"date":"2018-03-13T11:23:17","date_gmt":"2018-03-13T11:23:17","guid":{"rendered":"http:\/\/incoingenieros.com\/inco-ingenieros\/"},"modified":"2018-04-11T08:33:15","modified_gmt":"2018-04-11T08:33:15","slug":"inco-ingenieros","status":"publish","type":"page","link":"https:\/\/incoingenieros.com\/pt-pt\/","title":{"rendered":"Inco Ingenieros"},"content":{"rendered":"<p>Inco Ingenieros S.L.U. \u00e9 uma empresa incorporada em 1980, que iniciou sua<br \/>\njornada, atendendo as novas instala\u00e7\u00f5es da equipe do Ex\u00e9rcito em conjunto<br \/>\ncom a Siemens Multinational.<\/p>\n","protected":false},"excerpt":{"rendered":"<p>Inco Ingenieros S.L.U. \u00e9 uma empresa incorporada em 1980, que iniciou sua jornada, atendendo as novas instala\u00e7\u00f5es da equipe do Ex\u00e9rcito em conjunto com a Siemens Multinational.<\/p>\n","protected":false},"author":1,"featured_media":0,"parent":0,"menu_order":0,"comment_status":"closed","ping_status":"closed","template":"page_home.php","meta":[],"featured_image_src":null,"featured_image_src_square":null,"_links":{"self":[{"href":"https:\/\/incoingenieros.com\/pt-pt\/wp-json\/wp\/v2\/pages\/313"}],"collection":[{"href":"https:\/\/incoingenieros.com\/pt-pt\/wp-json\/wp\/v2\/pages"}],"about":[{"href":"https:\/\/incoingenieros.com\/pt-pt\/wp-json\/wp\/v2\/types\/page"}],"author":[{"embeddable":true,"href":"https:\/\/incoingenieros.com\/pt-pt\/wp-json\/wp\/v2\/users\/1"}],"replies":[{"embeddable":true,"href":"https:\/\/incoingenieros.com\/pt-pt\/wp-json\/wp\/v2\/comments?post=313"}],"version-history":[{"count":1,"href":"https:\/\/incoingenieros.com\/pt-pt\/wp-json\/wp\/v2\/pages\/313\/revisions"}],"predecessor-version":[{"id":316,"href":"https:\/\/incoingenieros.com\/pt-pt\/wp-json\/wp\/v2\/pages\/313\/revisions\/316"}],"wp:attachment":[{"href":"https:\/\/incoingenieros.com\/pt-pt\/wp-json\/wp\/v2\/media?parent=313"}],"curies":[{"name":"wp","href":"https:\/\/api.w.org\/{rel}","templated":true}]}}