{"id":320,"date":"2018-03-21T09:54:35","date_gmt":"2018-03-21T09:54:35","guid":{"rendered":"http:\/\/incoingenieros.com\/empresa-instaladora\/"},"modified":"2018-04-11T08:55:32","modified_gmt":"2018-04-11T08:55:32","slug":"empresa-instaladora","status":"publish","type":"page","link":"https:\/\/incoingenieros.com\/pt-pt\/empresa-instaladora\/","title":{"rendered":"Empresa instaladora"},"content":{"rendered":"<p>A Inco Ingenieros \u00e9 credenciada como uma empresa de instala\u00e7\u00e3o do tipo A, D, E e F:<\/p>\n","protected":false},"excerpt":{"rendered":"<p>A Inco Ingenieros \u00e9 credenciada como uma empresa de instala\u00e7\u00e3o do tipo A, D, E e F:<\/p>\n","protected":false},"author":1,"featured_media":0,"parent":0,"menu_order":0,"comment_status":"closed","ping_status":"closed","template":"page_empresa_instaladora.php","meta":[],"featured_image_src":null,"featured_image_src_square":null,"_links":{"self":[{"href":"https:\/\/incoingenieros.com\/pt-pt\/wp-json\/wp\/v2\/pages\/320"}],"collection":[{"href":"https:\/\/incoingenieros.com\/pt-pt\/wp-json\/wp\/v2\/pages"}],"about":[{"href":"https:\/\/incoingenieros.com\/pt-pt\/wp-json\/wp\/v2\/types\/page"}],"author":[{"embeddable":true,"href":"https:\/\/incoingenieros.com\/pt-pt\/wp-json\/wp\/v2\/users\/1"}],"replies":[{"embeddable":true,"href":"https:\/\/incoingenieros.com\/pt-pt\/wp-json\/wp\/v2\/comments?post=320"}],"version-history":[{"count":1,"href":"https:\/\/incoingenieros.com\/pt-pt\/wp-json\/wp\/v2\/pages\/320\/revisions"}],"predecessor-version":[{"id":323,"href":"https:\/\/incoingenieros.com\/pt-pt\/wp-json\/wp\/v2\/pages\/320\/revisions\/323"}],"wp:attachment":[{"href":"https:\/\/incoingenieros.com\/pt-pt\/wp-json\/wp\/v2\/media?parent=320"}],"curies":[{"name":"wp","href":"https:\/\/api.w.org\/{rel}","templated":true}]}}